{"id":11,"date":"2016-02-23T09:31:48","date_gmt":"2016-02-23T09:31:48","guid":{"rendered":"https:\/\/ygths5tn.c4-suncomet.com\/wp5\/?page_id=11"},"modified":"2023-08-22T05:10:06","modified_gmt":"2023-08-22T05:10:06","slug":"tervetuloa-pctuki-sivuille","status":"publish","type":"page","link":"https:\/\/jpjsaneerausapu.fi\/","title":{"rendered":"JPJ Saneerausapu"},"content":{"rendered":"\n<p><strong>     Kokenut, monipuolinen ja  <strong>Joustava<\/strong><\/strong> <strong>kumppanisi Kiinteist\u00f6vahingon sattuessa . <\/strong><\/p>\n\n\n<p>Olemme vuonna 2001 perustettu perheyritys Kouvolasta .<\/p>\n<p>Vahinkosaneeraus&nbsp; on ollut vuosia&nbsp; toiminnassamme arkea ja olemme suomen Jvt liiton j\u00e4senyritys&nbsp; .<\/p>\n<p>P\u00e4ivit\u00e4mme osaamistamme alan koulutuksissa s\u00e4\u00e4nn\u00f6llisesti .&nbsp;<\/p>\n<p><\/p>\n<p><strong>&nbsp;Kiinteist\u00f6vahinkojen kunnostaminen&nbsp;<\/strong><\/p>\n<p>&nbsp;<strong>&#8211; Palosaneeraus ,Kiinteist\u00f6 &amp; irtaimisto<\/strong><\/p>\n<p><strong>&nbsp; &nbsp; &nbsp;&#8211; Vesi ja kosteusvauriot&nbsp; .&nbsp; &nbsp; &nbsp;<\/strong><\/p>\n<p><strong>&nbsp; &nbsp; &nbsp; &nbsp; &nbsp; &#8211; Korjausrakentaminen ,&nbsp;<\/strong><\/p>\n<p><strong>&nbsp; &nbsp; &nbsp; &nbsp; &nbsp; &nbsp; &nbsp; &#8211; Putkistokuvaukset<\/strong><\/p>\n<p><strong>&nbsp; &nbsp; &nbsp; &nbsp; &nbsp; &nbsp; &nbsp; &nbsp; &nbsp; &nbsp;&#8211; Rakennuslupapiirrokset ja tulosteet&nbsp; alan konsulteille<\/strong> .&nbsp;<\/p>\n<p><\/p>\n<p>Pitk\u00e4 kokemus ja hyv\u00e4t yhteisty\u00f6verkostot ovat k\u00e4ytett\u00e4viss\u00e4nne!<\/p>\n<p><a href=\"https:\/\/ygths5tn.c4-suncomet.com\/wp5\/?page_id=52\">Ota yhteytt\u00e4!&nbsp; 0400 943 438 <\/a><\/p>\n<p>GDPR lis\u00e4ys&nbsp;<br>Haluamme jatkossakin kunnioittaa asiakkaidemme yksityisyytt\u00e4, oikeuksia ja tietosuojaa kuten jo aiemminkin.<br>Mik\u00e4li et halua muutoksia nykyiseen k\u00e4yt\u00e4nt\u00f6\u00f6n &#8211; sinun ei tarvitse tehd\u00e4 mit\u00e4\u00e4n.&nbsp; <a href=\"https:\/\/ygths5tn.c4-suncomet.com\/wp5\/?page_id=164\" target=\"_blank\" rel=\"noopener noreferrer\">Tietosuojaseloste t\u00e4st\u00e4.<\/a><\/p>\n<p>Terveisin Joni Juhola<\/p>","protected":false},"excerpt":{"rendered":"<p>Kokenut, monipuolinen ja Joustava kumppanisi Kiinteist\u00f6vahingon sattuessa . Olemme vuonna 2001 perustettu perheyritys Kouvolasta . Vahinkosaneeraus&nbsp; on ollut vuosia&nbsp; toiminnassamme arkea ja olemme suomen Jvt liiton j\u00e4senyritys&nbsp; . P\u00e4ivit\u00e4mme osaamistamme alan koulutuksissa s\u00e4\u00e4nn\u00f6llisesti .&nbsp; &nbsp;Kiinteist\u00f6vahinkojen kunnostaminen&nbsp; &nbsp;&#8211; Palosaneeraus ,Kiinteist\u00f6 &amp; irtaimisto &nbsp; &nbsp; &nbsp;&#8211; Vesi ja kosteusvauriot&nbsp; .&nbsp; &nbsp; &nbsp; &nbsp; &nbsp; &nbsp; &nbsp; &nbsp; &#8211; Korjausrakentaminen ,&nbsp; &nbsp; &nbsp; [&hellip;]<\/p>\n","protected":false},"author":1,"featured_media":0,"parent":0,"menu_order":0,"comment_status":"closed","ping_status":"closed","template":"","meta":[],"_links":{"self":[{"href":"https:\/\/jpjsaneerausapu.fi\/index.php?rest_route=\/wp\/v2\/pages\/11"}],"collection":[{"href":"https:\/\/jpjsaneerausapu.fi\/index.php?rest_route=\/wp\/v2\/pages"}],"about":[{"href":"https:\/\/jpjsaneerausapu.fi\/index.php?rest_route=\/wp\/v2\/types\/page"}],"author":[{"embeddable":true,"href":"https:\/\/jpjsaneerausapu.fi\/index.php?rest_route=\/wp\/v2\/users\/1"}],"replies":[{"embeddable":true,"href":"https:\/\/jpjsaneerausapu.fi\/index.php?rest_route=%2Fwp%2Fv2%2Fcomments&post=11"}],"version-history":[{"count":34,"href":"https:\/\/jpjsaneerausapu.fi\/index.php?rest_route=\/wp\/v2\/pages\/11\/revisions"}],"predecessor-version":[{"id":358,"href":"https:\/\/jpjsaneerausapu.fi\/index.php?rest_route=\/wp\/v2\/pages\/11\/revisions\/358"}],"wp:attachment":[{"href":"https:\/\/jpjsaneerausapu.fi\/index.php?rest_route=%2Fwp%2Fv2%2Fmedia&parent=11"}],"curies":[{"name":"wp","href":"https:\/\/api.w.org\/{rel}","templated":true}]}}