{"id":13,"date":"2016-02-23T09:35:37","date_gmt":"2016-02-23T09:35:37","guid":{"rendered":"https:\/\/ygths5tn.c4-suncomet.com\/wp5\/?page_id=13"},"modified":"2023-08-22T05:08:35","modified_gmt":"2023-08-22T05:08:35","slug":"tuotteet","status":"publish","type":"page","link":"https:\/\/jpjsaneerausapu.fi\/?page_id=13","title":{"rendered":"Rakennuspalvelut"},"content":{"rendered":"\n<h1 class=\"wp-block-heading\"><strong>-Palosaneeraus &#8211;&nbsp;<\/strong><\/h1>\n\n\n\n<p><strong>&nbsp; &nbsp; Savu \/ Noki&nbsp; &amp; palovahingot<\/strong><\/p>\n\n\n\n<div class=\"wp-block-columns is-layout-flex wp-container-2\">\n<div class=\"wp-block-column is-layout-flow\" style=\"flex-basis:100%\">\n<ul><li>Savuvahingot , Tulisijan savutukset , Erikoispuhdistus , Kodinsiivous . <\/li><li>Projektinjohto , Vahingonselvistysasiakirjat<\/li><li>Purku ja uudelleen asennusty\u00f6t , My\u00f6s konepurkuty\u00f6t<\/li><li>Irtaimiston puhdistus&amp;varastointi .&nbsp;Tekstiilien pesu , matot, pyykit . <\/li><li>Kuivaus,ilmanpuhdistimet , Hajunpoisto valtuutettu toimija<\/li><li>Putkistokuvaukset , savututkimukset . <\/li><li>Cad tason ohjelmistot , kiinteist\u00f6n tarkkaan dokumentointiin <\/li><li>L\u00e4mmitett\u00e4v\u00e4 umpiper\u00e4vaunu , esim talvella sammutusvesist\u00e4 kastuneen irtaimen pikasiirtoihin <\/li><\/ul>\n\n\n\n<p class=\"has-medium-font-size\"><strong><em>Vesi ja kosteusvauriokorjaukset<\/em><\/strong><\/p>\n\n\n\n<ul><li>Meilt\u00e4 k\u00e4tev\u00e4t suojsein\u00e4t ja ilmanhallinta vahinkoty\u00f6n ajaksi <\/li><li>Putkistokuvauspalvelu viem\u00e4reihin <\/li><li>merkkisavututkimukset ilmavuotoihin asunnossa , vedon tunne ym. <\/li><li>Irtaimiston siirto ja varastointi vahinkoty\u00f6najaksi tarvittaessa <\/li><li>Vahinko ja loppusiivousty\u00f6t , Irtaimiston puhdistus ja hajunpoistoty\u00f6t<\/li><li>Kattava ja monipuolinen telinekalusto <\/li><li>Nopeasti siirrett\u00e4v\u00e4t pika-l\u00e4mminvesivaraajat py\u00f6rill\u00e4 , silloin , kun l\u00e4mminvesivaraaaja joudutaan poistamaan vahinkoty\u00f6n edest\u00e4 . <\/li><li>ja paljon muuta , tiedustele , kerromme mielell\u00e4mme lis\u00e4\u00e4 <\/li><\/ul>\n<\/div>\n<\/div>\n\n\n\n<h1 class=\"has-medium-font-size wp-block-heading\"><strong>&nbsp;-Uudis ja korjausrakentaminen &#8211;<\/strong><\/h1>\n\n\n\n<div class=\"wp-block-group\"><div class=\"wp-block-group__inner-container is-layout-flow\">\n<ul><li>Palveluihimme kuuluu my\u00f6s kaikki rakennusalan palvelut <\/li><li>Suunnittelusta toteutukseen , perustuksista vesikattoon . \u00a0<\/li><li>Korjaussuunnitelmat , Cad rakennuspiirrokset\u00a0ja suurkokotulosteet  . <\/li><li>Rakennusliikkeen perusty\u00f6kalusto, Kattava telinekalusto <\/li><li>Varustetut huoltoautot   . <\/li><li>Kiintokalustety\u00f6t ,kalusteiden omavalmistus. <\/li><li>Rakennuspeltilistat ja tuotteet , valmistus omissa tiloissa\u00a0<\/li><li>Maanrakennus ja kaivuuty\u00f6t my\u00f6s omalla kalustolla joustavasti<\/li><\/ul>\n<\/div><\/div>\n\n\n\n<p>ja paljon muuta , tiedustele , kerromme mielell\u00e4mme lis\u00e4\u00e4 toiminnastamme<\/p>\n\n\n\n<p><\/p>\n\n\n\n<p>Meit\u00e4 voit seurata my\u00f6s Facebookissa :      Facebook.com\/JPJ Saneerausapu<\/p>\n\n\n\n<p><br>  Kaikki yhdest\u00e4 osoitteesta.                <\/p>\n\n\n\n<p><br><\/p>\n\n\n\n<figure class=\"wp-block-image size-large\"><a href=\"https:\/\/jpjsaneerausapu.fi\/wp-content\/uploads\/2021\/11\/image003.jpg\"><img decoding=\"async\" loading=\"lazy\" width=\"652\" height=\"172\" src=\"https:\/\/jpjsaneerausapu.fi\/wp-content\/uploads\/2021\/11\/image003.jpg\" alt=\"\" class=\"wp-image-368\" srcset=\"https:\/\/jpjsaneerausapu.fi\/wp-content\/uploads\/2021\/11\/image003.jpg 652w, https:\/\/jpjsaneerausapu.fi\/wp-content\/uploads\/2021\/11\/image003-300x79.jpg 300w\" sizes=\"(max-width: 652px) 100vw, 652px\" \/><\/a><\/figure>\n\n\n\n<p><br><\/p>\n\n\n\n<p><br><\/p>\n\n\n\n<p><br><\/p>\n\n\n\n<figure class=\"wp-block-image size-large is-style-rounded\"><a href=\"https:\/\/jpjsaneerausapu.fi\/wp-content\/uploads\/2021\/11\/savukuva.jpg\"><img decoding=\"async\" loading=\"lazy\" width=\"768\" height=\"1024\" src=\"https:\/\/jpjsaneerausapu.fi\/wp-content\/uploads\/2021\/11\/savukuva-768x1024.jpg\" alt=\"\" class=\"wp-image-370\" srcset=\"https:\/\/jpjsaneerausapu.fi\/wp-content\/uploads\/2021\/11\/savukuva-768x1024.jpg 768w, https:\/\/jpjsaneerausapu.fi\/wp-content\/uploads\/2021\/11\/savukuva-225x300.jpg 225w, https:\/\/jpjsaneerausapu.fi\/wp-content\/uploads\/2021\/11\/savukuva-1152x1536.jpg 1152w, https:\/\/jpjsaneerausapu.fi\/wp-content\/uploads\/2021\/11\/savukuva.jpg 1170w\" sizes=\"(max-width: 768px) 100vw, 768px\" \/><\/a><\/figure>\n\n\n\n<figure class=\"wp-block-image size-large is-resized is-style-rounded\"><a href=\"https:\/\/jpjsaneerausapu.fi\/wp-content\/uploads\/2021\/11\/20211105_085647-scaled.jpg\"><img decoding=\"async\" loading=\"lazy\" src=\"https:\/\/jpjsaneerausapu.fi\/wp-content\/uploads\/2021\/11\/20211105_085647-1024x549.jpg\" alt=\"\" class=\"wp-image-385\" width=\"589\" height=\"315\" srcset=\"https:\/\/jpjsaneerausapu.fi\/wp-content\/uploads\/2021\/11\/20211105_085647-1024x549.jpg 1024w, https:\/\/jpjsaneerausapu.fi\/wp-content\/uploads\/2021\/11\/20211105_085647-300x161.jpg 300w, https:\/\/jpjsaneerausapu.fi\/wp-content\/uploads\/2021\/11\/20211105_085647-768x412.jpg 768w, https:\/\/jpjsaneerausapu.fi\/wp-content\/uploads\/2021\/11\/20211105_085647-1536x823.jpg 1536w, https:\/\/jpjsaneerausapu.fi\/wp-content\/uploads\/2021\/11\/20211105_085647-2048x1098.jpg 2048w\" sizes=\"(max-width: 589px) 100vw, 589px\" \/><\/a><figcaption>Rakennusten erilaiset koneavusteiset purkuty\u00f6t , Rakennuspaikkojen siivoukset .  <\/figcaption><\/figure>\n\n\n\n<p>        <\/p>\n","protected":false},"excerpt":{"rendered":"<p>-Palosaneeraus &#8211;&nbsp; &nbsp; &nbsp; Savu \/ Noki&nbsp; &amp; palovahingot Savuvahingot , Tulisijan savutukset , Erikoispuhdistus , Kodinsiivous . Projektinjohto , Vahingonselvistysasiakirjat Purku ja uudelleen asennusty\u00f6t , My\u00f6s konepurkuty\u00f6t Irtaimiston puhdistus&amp;varastointi .&nbsp;Tekstiilien pesu , matot, pyykit . Kuivaus,ilmanpuhdistimet , Hajunpoisto valtuutettu toimija Putkistokuvaukset , savututkimukset . Cad tason ohjelmistot , kiinteist\u00f6n tarkkaan dokumentointiin L\u00e4mmitett\u00e4v\u00e4 umpiper\u00e4vaunu , esim talvella sammutusvesist\u00e4 kastuneen irtaimen [&hellip;]<\/p>\n","protected":false},"author":1,"featured_media":0,"parent":0,"menu_order":0,"comment_status":"closed","ping_status":"closed","template":"","meta":[],"_links":{"self":[{"href":"https:\/\/jpjsaneerausapu.fi\/index.php?rest_route=\/wp\/v2\/pages\/13"}],"collection":[{"href":"https:\/\/jpjsaneerausapu.fi\/index.php?rest_route=\/wp\/v2\/pages"}],"about":[{"href":"https:\/\/jpjsaneerausapu.fi\/index.php?rest_route=\/wp\/v2\/types\/page"}],"author":[{"embeddable":true,"href":"https:\/\/jpjsaneerausapu.fi\/index.php?rest_route=\/wp\/v2\/users\/1"}],"replies":[{"embeddable":true,"href":"https:\/\/jpjsaneerausapu.fi\/index.php?rest_route=%2Fwp%2Fv2%2Fcomments&post=13"}],"version-history":[{"count":23,"href":"https:\/\/jpjsaneerausapu.fi\/index.php?rest_route=\/wp\/v2\/pages\/13\/revisions"}],"predecessor-version":[{"id":402,"href":"https:\/\/jpjsaneerausapu.fi\/index.php?rest_route=\/wp\/v2\/pages\/13\/revisions\/402"}],"wp:attachment":[{"href":"https:\/\/jpjsaneerausapu.fi\/index.php?rest_route=%2Fwp%2Fv2%2Fmedia&parent=13"}],"curies":[{"name":"wp","href":"https:\/\/api.w.org\/{rel}","templated":true}]}}