{"id":50,"date":"2016-02-23T10:00:54","date_gmt":"2016-02-23T10:00:54","guid":{"rendered":"https:\/\/ygths5tn.c4-suncomet.com\/wp5\/?page_id=50"},"modified":"2021-11-12T20:37:24","modified_gmt":"2021-11-12T20:37:24","slug":"uutisia-ja-historiaa","status":"publish","type":"page","link":"https:\/\/jpjsaneerausapu.fi\/?page_id=50","title":{"rendered":"Uutisia ja historiaa"},"content":{"rendered":"\n<p>Our Story , eli siis meid\u00e4n tarina : olemme vuonna 2001 perustettu perheyritys Kouvolasta.<\/p>\n\n\n\n<p> Toimintamme on jo vuosia  keskittynyt palovahinkojen kunnostamiseen  .<\/p>\n\n\n\n<p>Palveluihimme kuuluu edelleen my\u00f6s kattavasti kaikki muutkin rakentamisen osa-alueiden palvelut , kaikki saman katon alta . <\/p>\n\n\n\n<p>Ty\u00f6ryhm\u00e4mme ja urakoitsijakumppanuutemme ovat pitk\u00e4kestoisia , ja verkostomme on laaja .<\/p>\n\n\n\n<p>T\u00e4n\u00e4 vuonna viet\u00e4mme kahdenkymmenennen toimintavuoden t\u00e4yttymist\u00e4  .   <\/p>\n\n\n\n<p><\/p>\n\n\n\n<p>Satunnaisia kuvia matkan varrelta <\/p>\n\n\n\n<figure class=\"wp-block-image is-style-rounded\"><a href=\"https:\/\/ygths5tn.c4-suncomet.com\/wp5\/wp-content\/uploads\/2020\/08\/2008d.jpg\"><img decoding=\"async\" loading=\"lazy\" width=\"300\" height=\"224\" src=\"https:\/\/ygths5tn.c4-suncomet.com\/wp5\/wp-content\/uploads\/2020\/08\/2008d-300x224.jpg\" alt=\"\" class=\"wp-image-261\" srcset=\"https:\/\/jpjsaneerausapu.fi\/wp-content\/uploads\/2020\/08\/2008d-300x224.jpg 300w, https:\/\/jpjsaneerausapu.fi\/wp-content\/uploads\/2020\/08\/2008d-1024x764.jpg 1024w, https:\/\/jpjsaneerausapu.fi\/wp-content\/uploads\/2020\/08\/2008d-768x573.jpg 768w, https:\/\/jpjsaneerausapu.fi\/wp-content\/uploads\/2020\/08\/2008d-1536x1146.jpg 1536w, https:\/\/jpjsaneerausapu.fi\/wp-content\/uploads\/2020\/08\/2008d.jpg 2048w\" sizes=\"(max-width: 300px) 100vw, 300px\" \/><\/a><figcaption>Palovahinkokohde Kotkasta vuodelta 2008<\/figcaption><\/figure>\n\n\n\n<figure class=\"wp-block-image\"><a href=\"https:\/\/ygths5tn.c4-suncomet.com\/wp5\/wp-content\/uploads\/2020\/08\/2008c.jpg\"><img decoding=\"async\" loading=\"lazy\" width=\"300\" height=\"224\" src=\"https:\/\/ygths5tn.c4-suncomet.com\/wp5\/wp-content\/uploads\/2020\/08\/2008c-300x224.jpg\" alt=\"\" class=\"wp-image-260\" srcset=\"https:\/\/jpjsaneerausapu.fi\/wp-content\/uploads\/2020\/08\/2008c-300x224.jpg 300w, https:\/\/jpjsaneerausapu.fi\/wp-content\/uploads\/2020\/08\/2008c-1024x764.jpg 1024w, https:\/\/jpjsaneerausapu.fi\/wp-content\/uploads\/2020\/08\/2008c-768x573.jpg 768w, https:\/\/jpjsaneerausapu.fi\/wp-content\/uploads\/2020\/08\/2008c-1536x1146.jpg 1536w, https:\/\/jpjsaneerausapu.fi\/wp-content\/uploads\/2020\/08\/2008c.jpg 1930w\" sizes=\"(max-width: 300px) 100vw, 300px\" \/><\/a><\/figure>\n\n\n\n<figure class=\"wp-block-image\"><a href=\"https:\/\/ygths5tn.c4-suncomet.com\/wp5\/wp-content\/uploads\/2020\/08\/2008b.jpg\"><img decoding=\"async\" loading=\"lazy\" width=\"300\" height=\"224\" src=\"https:\/\/ygths5tn.c4-suncomet.com\/wp5\/wp-content\/uploads\/2020\/08\/2008b-300x224.jpg\" alt=\"\" class=\"wp-image-259\" srcset=\"https:\/\/jpjsaneerausapu.fi\/wp-content\/uploads\/2020\/08\/2008b-300x224.jpg 300w, https:\/\/jpjsaneerausapu.fi\/wp-content\/uploads\/2020\/08\/2008b-1024x764.jpg 1024w, https:\/\/jpjsaneerausapu.fi\/wp-content\/uploads\/2020\/08\/2008b-768x573.jpg 768w, https:\/\/jpjsaneerausapu.fi\/wp-content\/uploads\/2020\/08\/2008b-1536x1146.jpg 1536w, https:\/\/jpjsaneerausapu.fi\/wp-content\/uploads\/2020\/08\/2008b.jpg 1930w\" sizes=\"(max-width: 300px) 100vw, 300px\" \/><\/a><\/figure>\n\n\n\n<figure class=\"wp-block-image is-resized is-style-rounded\"><a href=\"https:\/\/ygths5tn.c4-suncomet.com\/wp5\/wp-content\/uploads\/2020\/08\/2008.jpg\"><img decoding=\"async\" loading=\"lazy\" src=\"https:\/\/ygths5tn.c4-suncomet.com\/wp5\/wp-content\/uploads\/2020\/08\/2008-300x224.jpg\" alt=\"\" class=\"wp-image-258\" width=\"236\" height=\"176\" srcset=\"https:\/\/jpjsaneerausapu.fi\/wp-content\/uploads\/2020\/08\/2008-300x224.jpg 300w, https:\/\/jpjsaneerausapu.fi\/wp-content\/uploads\/2020\/08\/2008-1024x764.jpg 1024w, https:\/\/jpjsaneerausapu.fi\/wp-content\/uploads\/2020\/08\/2008-768x573.jpg 768w, https:\/\/jpjsaneerausapu.fi\/wp-content\/uploads\/2020\/08\/2008-1536x1146.jpg 1536w, https:\/\/jpjsaneerausapu.fi\/wp-content\/uploads\/2020\/08\/2008.jpg 2048w\" sizes=\"(max-width: 236px) 100vw, 236px\" \/><\/a><\/figure>\n\n\n\n<figure class=\"wp-block-image\"><a href=\"https:\/\/ygths5tn.c4-suncomet.com\/wp5\/wp-content\/uploads\/2020\/08\/2004-1.jpg\"><img decoding=\"async\" loading=\"lazy\" width=\"300\" height=\"225\" src=\"https:\/\/ygths5tn.c4-suncomet.com\/wp5\/wp-content\/uploads\/2020\/08\/2004-1-300x225.jpg\" alt=\"\" class=\"wp-image-257\" srcset=\"https:\/\/jpjsaneerausapu.fi\/wp-content\/uploads\/2020\/08\/2004-1-300x225.jpg 300w, https:\/\/jpjsaneerausapu.fi\/wp-content\/uploads\/2020\/08\/2004-1-1024x768.jpg 1024w, https:\/\/jpjsaneerausapu.fi\/wp-content\/uploads\/2020\/08\/2004-1-768x576.jpg 768w, https:\/\/jpjsaneerausapu.fi\/wp-content\/uploads\/2020\/08\/2004-1-1536x1152.jpg 1536w, https:\/\/jpjsaneerausapu.fi\/wp-content\/uploads\/2020\/08\/2004-1.jpg 2048w\" sizes=\"(max-width: 300px) 100vw, 300px\" \/><\/a><\/figure>\n\n\n\n<figure class=\"wp-block-image is-style-rounded\"><a href=\"https:\/\/ygths5tn.c4-suncomet.com\/wp5\/wp-content\/uploads\/2020\/08\/2002-kotka.jpg\"><img decoding=\"async\" loading=\"lazy\" width=\"300\" height=\"225\" src=\"https:\/\/ygths5tn.c4-suncomet.com\/wp5\/wp-content\/uploads\/2020\/08\/2002-kotka-300x225.jpg\" alt=\"\" class=\"wp-image-255\" srcset=\"https:\/\/jpjsaneerausapu.fi\/wp-content\/uploads\/2020\/08\/2002-kotka-300x225.jpg 300w, https:\/\/jpjsaneerausapu.fi\/wp-content\/uploads\/2020\/08\/2002-kotka.jpg 640w\" sizes=\"(max-width: 300px) 100vw, 300px\" \/><\/a><figcaption>Kuva kotkasta , vuodelta 2001  .<\/figcaption><\/figure>\n\n\n\n<p><\/p>\n\n\n\n<figure class=\"wp-block-image is-style-rounded\"><a href=\"https:\/\/ygths5tn.c4-suncomet.com\/wp5\/wp-content\/uploads\/2020\/08\/autonhajunpoisto.jpg\"><img decoding=\"async\" loading=\"lazy\" width=\"300\" height=\"206\" src=\"https:\/\/ygths5tn.c4-suncomet.com\/wp5\/wp-content\/uploads\/2020\/08\/autonhajunpoisto-300x206.jpg\" alt=\"\" class=\"wp-image-252\" srcset=\"https:\/\/jpjsaneerausapu.fi\/wp-content\/uploads\/2020\/08\/autonhajunpoisto-300x206.jpg 300w, https:\/\/jpjsaneerausapu.fi\/wp-content\/uploads\/2020\/08\/autonhajunpoisto.jpg 468w\" sizes=\"(max-width: 300px) 100vw, 300px\" \/><\/a><\/figure>\n\n\n\n<figure class=\"wp-block-image is-style-rounded\"><a href=\"https:\/\/ygths5tn.c4-suncomet.com\/wp5\/wp-content\/uploads\/2020\/08\/peltileikkuri.jpg\"><img decoding=\"async\" loading=\"lazy\" width=\"169\" height=\"300\" src=\"https:\/\/ygths5tn.c4-suncomet.com\/wp5\/wp-content\/uploads\/2020\/08\/peltileikkuri-169x300.jpg\" alt=\"\" class=\"wp-image-249\" srcset=\"https:\/\/jpjsaneerausapu.fi\/wp-content\/uploads\/2020\/08\/peltileikkuri-169x300.jpg 169w, https:\/\/jpjsaneerausapu.fi\/wp-content\/uploads\/2020\/08\/peltileikkuri-577x1024.jpg 577w, https:\/\/jpjsaneerausapu.fi\/wp-content\/uploads\/2020\/08\/peltileikkuri-768x1363.jpg 768w, https:\/\/jpjsaneerausapu.fi\/wp-content\/uploads\/2020\/08\/peltileikkuri-865x1536.jpg 865w, https:\/\/jpjsaneerausapu.fi\/wp-content\/uploads\/2020\/08\/peltileikkuri.jpg 1081w\" sizes=\"(max-width: 169px) 100vw, 169px\" \/><\/a><\/figure>\n\n\n\n<figure class=\"wp-block-image is-resized is-style-rounded\"><a href=\"https:\/\/ygths5tn.c4-suncomet.com\/wp5\/wp-content\/uploads\/2020\/08\/84428518_1421840887999087_5422306991844360192_o.jpg\"><img decoding=\"async\" loading=\"lazy\" src=\"https:\/\/ygths5tn.c4-suncomet.com\/wp5\/wp-content\/uploads\/2020\/08\/84428518_1421840887999087_5422306991844360192_o-300x300.jpg\" alt=\"\" class=\"wp-image-207\" width=\"202\" height=\"202\" srcset=\"https:\/\/jpjsaneerausapu.fi\/wp-content\/uploads\/2020\/08\/84428518_1421840887999087_5422306991844360192_o-300x300.jpg 300w, https:\/\/jpjsaneerausapu.fi\/wp-content\/uploads\/2020\/08\/84428518_1421840887999087_5422306991844360192_o-1024x1024.jpg 1024w, https:\/\/jpjsaneerausapu.fi\/wp-content\/uploads\/2020\/08\/84428518_1421840887999087_5422306991844360192_o-150x150.jpg 150w, https:\/\/jpjsaneerausapu.fi\/wp-content\/uploads\/2020\/08\/84428518_1421840887999087_5422306991844360192_o-768x768.jpg 768w, https:\/\/jpjsaneerausapu.fi\/wp-content\/uploads\/2020\/08\/84428518_1421840887999087_5422306991844360192_o-100x100.jpg 100w, https:\/\/jpjsaneerausapu.fi\/wp-content\/uploads\/2020\/08\/84428518_1421840887999087_5422306991844360192_o.jpg 1200w\" sizes=\"(max-width: 202px) 100vw, 202px\" \/><\/a><\/figure>\n\n\n\n<p><\/p>\n","protected":false},"excerpt":{"rendered":"<p>Our Story , eli siis meid\u00e4n tarina : olemme vuonna 2001 perustettu perheyritys Kouvolasta. Toimintamme on jo vuosia keskittynyt palovahinkojen kunnostamiseen . Palveluihimme kuuluu edelleen my\u00f6s kattavasti kaikki muutkin rakentamisen osa-alueiden palvelut , kaikki saman katon alta . Ty\u00f6ryhm\u00e4mme ja urakoitsijakumppanuutemme ovat pitk\u00e4kestoisia , ja verkostomme on laaja . T\u00e4n\u00e4 vuonna viet\u00e4mme kahdenkymmenennen toimintavuoden t\u00e4yttymist\u00e4 . Satunnaisia kuvia matkan varrelta<\/p>\n","protected":false},"author":1,"featured_media":0,"parent":0,"menu_order":0,"comment_status":"closed","ping_status":"closed","template":"","meta":[],"_links":{"self":[{"href":"https:\/\/jpjsaneerausapu.fi\/index.php?rest_route=\/wp\/v2\/pages\/50"}],"collection":[{"href":"https:\/\/jpjsaneerausapu.fi\/index.php?rest_route=\/wp\/v2\/pages"}],"about":[{"href":"https:\/\/jpjsaneerausapu.fi\/index.php?rest_route=\/wp\/v2\/types\/page"}],"author":[{"embeddable":true,"href":"https:\/\/jpjsaneerausapu.fi\/index.php?rest_route=\/wp\/v2\/users\/1"}],"replies":[{"embeddable":true,"href":"https:\/\/jpjsaneerausapu.fi\/index.php?rest_route=%2Fwp%2Fv2%2Fcomments&post=50"}],"version-history":[{"count":10,"href":"https:\/\/jpjsaneerausapu.fi\/index.php?rest_route=\/wp\/v2\/pages\/50\/revisions"}],"predecessor-version":[{"id":383,"href":"https:\/\/jpjsaneerausapu.fi\/index.php?rest_route=\/wp\/v2\/pages\/50\/revisions\/383"}],"wp:attachment":[{"href":"https:\/\/jpjsaneerausapu.fi\/index.php?rest_route=%2Fwp%2Fv2%2Fmedia&parent=50"}],"curies":[{"name":"wp","href":"https:\/\/api.w.org\/{rel}","templated":true}]}}