{"id":52,"date":"2016-02-23T10:05:27","date_gmt":"2016-02-23T10:05:27","guid":{"rendered":"https:\/\/ygths5tn.c4-suncomet.com\/wp5\/?page_id=52"},"modified":"2021-11-12T21:51:35","modified_gmt":"2021-11-12T21:51:35","slug":"yhteystiedot","status":"publish","type":"page","link":"https:\/\/jpjsaneerausapu.fi\/?page_id=52","title":{"rendered":"YHTEYSTIEDOT"},"content":{"rendered":"<p>email: Joni.p.juhola@gmail.com<\/p>\n<p>Huom uusi s\u00e4hk\u00f6postiosoite !<\/p>\n<p><b>JPJ SANEERAUSAPU<\/b><\/p>\n<p>Vahinkosaneeraus : 040 350 28 01<\/p>\n<p>Joni Juhola Puh: <a href=\"tel:+358400943438\">0400 943 438&nbsp;<\/a><br \/>\nJ\u00e4t\u00e4 viesti jos et tavoita,&nbsp; Kiitos!<\/p>\n<p>Postiosoite:<br \/>\n<a href=\"https:\/\/goo.gl\/maps\/NFkRSaH3PfEoShea7\">Maurinkuja 4, 46800 Myllykoski&nbsp;<\/a><br \/>\nANJALANKOSKI<\/p>\n<p>Y-tunnus:&nbsp; 1654708-6<\/p>\n","protected":false},"excerpt":{"rendered":"<p>email: Joni.p.juhola@gmail.com Huom uusi s\u00e4hk\u00f6postiosoite ! JPJ SANEERAUSAPU Vahinkosaneeraus : 040 350 28 01 Joni Juhola Puh: 0400 943 438&nbsp; J\u00e4t\u00e4 viesti jos et tavoita,&nbsp; Kiitos! Postiosoite: Maurinkuja 4, 46800 Myllykoski&nbsp; ANJALANKOSKI Y-tunnus:&nbsp; 1654708-6<\/p>\n","protected":false},"author":1,"featured_media":0,"parent":0,"menu_order":0,"comment_status":"closed","ping_status":"closed","template":"","meta":[],"_links":{"self":[{"href":"https:\/\/jpjsaneerausapu.fi\/index.php?rest_route=\/wp\/v2\/pages\/52"}],"collection":[{"href":"https:\/\/jpjsaneerausapu.fi\/index.php?rest_route=\/wp\/v2\/pages"}],"about":[{"href":"https:\/\/jpjsaneerausapu.fi\/index.php?rest_route=\/wp\/v2\/types\/page"}],"author":[{"embeddable":true,"href":"https:\/\/jpjsaneerausapu.fi\/index.php?rest_route=\/wp\/v2\/users\/1"}],"replies":[{"embeddable":true,"href":"https:\/\/jpjsaneerausapu.fi\/index.php?rest_route=%2Fwp%2Fv2%2Fcomments&post=52"}],"version-history":[{"count":16,"href":"https:\/\/jpjsaneerausapu.fi\/index.php?rest_route=\/wp\/v2\/pages\/52\/revisions"}],"predecessor-version":[{"id":391,"href":"https:\/\/jpjsaneerausapu.fi\/index.php?rest_route=\/wp\/v2\/pages\/52\/revisions\/391"}],"wp:attachment":[{"href":"https:\/\/jpjsaneerausapu.fi\/index.php?rest_route=%2Fwp%2Fv2%2Fmedia&parent=52"}],"curies":[{"name":"wp","href":"https:\/\/api.w.org\/{rel}","templated":true}]}}